{"id":7960,"date":"2016-05-19T14:01:26","date_gmt":"2016-05-19T14:01:26","guid":{"rendered":"http:\/\/puzzlerbox.com\/levelup\/?page_id=7960"},"modified":"2019-05-16T12:17:01","modified_gmt":"2019-05-16T12:17:01","slug":"home","status":"publish","type":"page","link":"https:\/\/bordocapital.com\/en\/","title":{"rendered":"Home"},"content":{"rendered":"<p><\/p>\n<p>[vc_row custom_padding=&#8221;true&#8221; custom_padding_b=&#8221;100&#8243; equal_height=&#8221;yes&#8221; gap=&#8221;60&#8243; clean_padding=&#8221;sm&#8221; columns_height=&#8221;adjust_cols_height&#8221;][vc_column css_padding=&#8221;::::::::::80::::40:&#8221; resoinsive_indent_sm=&#8221;true&#8221; resoinsive_indent_xs=&#8221;true&#8221; resoinsive_indent=&#8221;sm&#8221; offset=&#8221;vc_col-lg-6 vc_col-md-6&#8243;][vc_custom_heading text=&#8221;Efficient and Productive Enterprises Yielding&#8221; google_fonts=&#8221;font_family:Open%20Sans%3A300%2C300italic%2Cregular%2Citalic%2C600%2C600italic%2C700%2C700italic%2C800%2C800italic|font_style:800%20bold%20regular%3A800%3Anormal&#8221; font_container=&#8221;tag:h2|font_size:60|text_align:left|color:%23333333&#8243; font_title_responsive=&#8221;true&#8221; line_height_responsive=&#8221;120&#8243; font_size_responsive=&#8221;3.5&#8243; css=&#8221;.vc_custom_1555353382885{padding-bottom: 25px !important;}&#8221;][vc_column_text clean_padding=&#8221;xs&#8221; css=&#8221;.vc_custom_1555353368862{padding-bottom: 30px !important;}&#8221;]Bordo Giri\u015fim Sermayesi Yat\u0131r\u0131m A.\u015e. is a venture capital investment company which provides financing and added value through participation in the share capital of the small to medium sized companies having a high growth potential.<\/p>\n<p>Our aim is to ensure that the companies we participate in become efficient and productive enterprises yielding high profitability through the transfer of the capital they need, and of our experience gained in the field of corporate governance, and that they contribute to the economy of the country by means of strengthening their competitive stance in the international markets.[\/vc_column_text][\/vc_column][vc_column vertical_spacing=&#8221;45&#8243; css_padding=&#8221;::::::::::::::40:&#8221; offset=&#8221;vc_col-lg-6 vc_col-md-6&#8243;][rdy_icon_text type_font=&#8221;etline&#8221; icon_position=&#8221;left&#8221; icon_margin_top=&#8221;10&#8243; icon_margin_right=&#8221;25&#8243; title=&#8221;Smart Partnership&#8221; title_tag=&#8221;h3&#8243; css_animation=&#8221;fadeInLeft2&#8243; transition_delay=&#8221;500&#8243; icon_color=&#8221;#521711&#8243; icon_etline=&#8221;etline-trophy&#8221;]We increase the competitiveness of the companies we participate in by blending in such our knowledge of corporate governance and network of global relations, and make them the leader of the sector.[\/rdy_icon_text][rdy_icon_text type_font=&#8221;etline&#8221; icon_position=&#8221;left&#8221; icon_margin_top=&#8221;10&#8243; icon_margin_right=&#8221;30&#8243; title=&#8221;Genunie Partnership&#8221; title_tag=&#8221;h3&#8243; css_animation=&#8221;fadeInLeft2&#8243; transition_delay=&#8221;750&#8243; icon_color=&#8221;#521711&#8243; title_color=&#8221;#333333&#8243; icon_etline=&#8221;etline-genius&#8221;]We are not a credit agency, and we initiate the partnership bearing in our minds that we are ready to take the actual burden. We adopt team play, a transparent and particpatory partnership culture.[\/rdy_icon_text][rdy_icon_text type_font=&#8221;etline&#8221; icon_position=&#8221;left&#8221; icon_margin_top=&#8221;10&#8243; icon_margin_right=&#8221;33&#8243; title=&#8221;Down-to-earth Work Plan&#8221; title_tag=&#8221;h3&#8243; css_animation=&#8221;fadeInLeft2&#8243; transition_delay=&#8221;1000&#8243; icon_color=&#8221;#521711&#8243; icon_etline=&#8221;etline-strategy&#8221;]We invest in sectors having a profitability potential, especially renew able energy and clean technology, together with a realistic work plan preparedfor a service and product appealing to the global market..[\/rdy_icon_text][\/vc_column][\/vc_row][vc_row full_width=&#8221;stretch_row&#8221; custom_padding=&#8221;true&#8221; custom_padding_t=&#8221;0&#8243; custom_padding_b=&#8221;0&#8243; live_background=&#8221;shapes&#8221; live_background_color=&#8221;#247ba0&#8243; css_animation=&#8221;fadeInUp2&#8243; css_padding=&#8221;:::::::::60::60::::&#8221;][vc_column][vc_custom_heading text=&#8221;OUR INVESTMENT STRATEGY&#8221; google_fonts=&#8221;font_family:Dosis%3A200%2C300%2Cregular%2C500%2C600%2C700%2C800|font_style:800%20bold%20regular%3A800%3Anormal&#8221; font_container=&#8221;tag:h2|font_size:60|text_align:center|color:%23333333|line_height:1.5&#8243; css=&#8221;.vc_custom_1554452813101{padding-top: 80px !important;padding-bottom: 70px !important;}&#8221;][vc_row_inner gap=&#8221;40&#8243; clean_margin=&#8221;md&#8221; css=&#8221;.vc_custom_1554296620756{margin-bottom: 60px !important;}&#8221;][vc_column_inner css_padding=&#8221;::::::::::40::::30:&#8221; width=&#8221;1\/4&#8243; offset=&#8221;vc_col-lg-3 vc_col-md-12 vc_col-xs-12&#8243;][vc_icon icon_fontawesome=&#8221;fa fa-circle&#8221; background_style=&#8221;rounded-outline&#8221; css_animation=&#8221;bounceIn&#8221; transition_delay=&#8221;150&#8243;][vc_custom_heading text=&#8221;Our Investment Strategy&#8221; google_fonts=&#8221;font_family:Open%20Sans%3A300%2C300italic%2Cregular%2Citalic%2C600%2C600italic%2C700%2C700italic%2C800%2C800italic|font_style:600%20bold%20regular%3A600%3Anormal&#8221; font_container=&#8221;tag:h2|font_size:30|text_align:left&#8221; css=&#8221;.vc_custom_1554452478618{padding-bottom: 20px !important;}&#8221;][vc_column_text]<\/p>\n<p class=\"p1\">Any investment process entails solutions developed from within and should not be assessed by a standard but a flexible approach. With this approach in hand, we set new strategies capable of creating the edge of competitiveness together with the company management without interfering in the day-to-day operation of the company.<\/p>\n<p class=\"p1\">We make an investment in any company in accordance with the following criteria.<\/p>\n<p>[\/vc_column_text][\/vc_column_inner][vc_column_inner width=&#8221;1\/4&#8243;][vc_icon icon_fontawesome=&#8221;fa fa-circle&#8221; color=&#8221;pink&#8221; background_style=&#8221;rounded-outline&#8221; css_animation=&#8221;bounceIn&#8221; transition_delay=&#8221;300&#8243;][vc_custom_heading text=&#8221;Company Criteria&#8221; google_fonts=&#8221;font_family:Open%20Sans%3A300%2C300italic%2Cregular%2Citalic%2C600%2C600italic%2C700%2C700italic%2C800%2C800italic|font_style:600%20bold%20regular%3A600%3Anormal&#8221; font_container=&#8221;tag:h2|font_size:30|text_align:left&#8221; css=&#8221;.vc_custom_1554452502751{padding-bottom: 20px !important;}&#8221;][vc_column_text]<\/p>\n<p class=\"p1\">Small or large investments in the amount of U.S.$ 1 \u2013 U.S.$ 20 Million per company can be made in small to medium sized enterprises having a growth potential depending upon the size of the opportunity.<\/p>\n<p class=\"p1\">We aim to provide capital contribution for companies which employ an energetic management team consisting of qualified, experienced, creative, job involved staff, and which have a potential of generating high profit compared to market margin and a work plan reflecting down-to-earth growth expectation and which provide reasonable exit scenario.<\/p>\n<p>[\/vc_column_text][\/vc_column_inner][vc_column_inner width=&#8221;1\/4&#8243;][vc_icon icon_fontawesome=&#8221;fa fa-circle&#8221; color=&#8221;orange&#8221; background_style=&#8221;rounded-outline&#8221; css_animation=&#8221;bounceIn&#8221; transition_delay=&#8221;450&#8243;][vc_custom_heading text=&#8221;Control and Management&#8221; google_fonts=&#8221;font_family:Open%20Sans%3A300%2C300italic%2Cregular%2Citalic%2C600%2C600italic%2C700%2C700italic%2C800%2C800italic|font_style:600%20bold%20regular%3A600%3Anormal&#8221; font_container=&#8221;tag:h2|font_size:30|text_align:left&#8221; css=&#8221;.vc_custom_1554452510470{padding-bottom: 20px !important;}&#8221;][vc_column_text]<\/p>\n<p class=\"p1\">Minority or majority shares may be acquired in the companies for investment<\/p>\n<p class=\"p1\">\u00a0The financial management team of our partnerships are determined and assigned by Bordo Capital.<\/p>\n<p class=\"p1\">\u00a0We employ the right of representation at the level of Board of Directors in order to contribute to the company growth through our corporate governance experience and global vision.<\/p>\n<p>[\/vc_column_text][\/vc_column_inner][vc_column_inner width=&#8221;1\/4&#8243;][vc_icon icon_fontawesome=&#8221;fa fa-circle&#8221; color=&#8221;green&#8221; background_style=&#8221;rounded-outline&#8221; css_animation=&#8221;bounceIn&#8221; transition_delay=&#8221;600&#8243;][vc_custom_heading text=&#8221;Target Sectors&#8221; google_fonts=&#8221;font_family:Open%20Sans%3A300%2C300italic%2Cregular%2Citalic%2C600%2C600italic%2C700%2C700italic%2C800%2C800italic|font_style:600%20bold%20regular%3A600%3Anormal&#8221; font_container=&#8221;tag:h2|font_size:30|text_align:left&#8221; css=&#8221;.vc_custom_1554452530057{padding-bottom: 20px !important;}&#8221;][vc_column_text]<\/p>\n<p class=\"p1\">We may make an investment in almost any sectors possessing a profitability potential focusing especially on renewable energy, clean technology, information technologies, caravan-trailer manufacturing, pharmacology, energy and export focused manufacturing.<\/p>\n<p>[\/vc_column_text][\/vc_column_inner][\/vc_row_inner][vc_empty_space height=&#8221;60px&#8221;][\/vc_column][\/vc_row][vc_row full_width=&#8221;stretch_row&#8221; custom_padding=&#8221;true&#8221; custom_padding_t=&#8221;100&#8243; custom_padding_b=&#8221;100&#8243; css_padding=&#8221;::::::::::::60::60:&#8221; clean_padding=&#8221;xs&#8221; css=&#8221;.vc_custom_1491925594674{background-color: #f7f7f7 !important;}&#8221;][vc_column width=&#8221;2\/3&#8243; offset=&#8221;vc_col-sm-offset-2&#8243;][vc_custom_heading text=&#8221;WE ADD VALUE TO YOUR IDEAS&#8221; google_fonts=&#8221;font_family:Open%20Sans%3A300%2C300italic%2Cregular%2Citalic%2C600%2C600italic%2C700%2C700italic%2C800%2C800italic|font_style:800%20bold%20regular%3A800%3Anormal&#8221; font_container=&#8221;tag:h2|font_size:60|text_align:center|color:%23333333&#8243; font_title_responsive=&#8221;true&#8221; line_height_responsive=&#8221;120&#8243; font_size_responsive=&#8221;3.5&#8243; css=&#8221;.vc_custom_1555356879765{padding-bottom: 25px !important;}&#8221;][rdy_button text=&#8221;LEARN MORE&#8221; size=&#8221;large&#8221; font_weight=&#8221;700&#8243; margin_top=&#8221;60&#8243; margin_bottom=&#8221;0&#8243; style=&#8221;outline&#8221; animation=&#8221;p_outside&#8221; outline_skin=&#8221;custom&#8221; outline_active_color=&#8221;#521711&#8243; outline_hover_color=&#8221;#ffffff&#8221; border_size=&#8221;2&#8243; border_radius=&#8221;0&#8243; link=&#8221;url:http%3A%2F%2Fbordocapital.com%2Fhakkimizda%2F|title:%5B%3Atr%5DHakk%C4%B1m%C4%B1zda%5B%3Aen%5DAbout%20Us%5B%3Afr%5DA%20PROPOS%5B%3A%5D||&#8221;][\/vc_column][\/vc_row]<\/p>\n<p><\/p>","protected":false},"excerpt":{"rendered":"<p>[vc_row custom_padding=&#8221;true&#8221; custom_padding_b=&#8221;100&#8243; equal_height=&#8221;yes&#8221; gap=&#8221;60&#8243; clean_padding=&#8221;sm&#8221; columns_height=&#8221;adjust_cols_height&#8221;][vc_column css_padding=&#8221;::::::::::80::::40:&#8221; resoinsive_indent_sm=&#8221;true&#8221; resoinsive_indent_xs=&#8221;true&#8221; resoinsive_indent=&#8221;sm&#8221; offset=&#8221;vc_col-lg-6 vc_col-md-6&#8243;][vc_custom_heading text=&#8221;Efficient and Productive Enterprises Yielding&#8221; google_fonts=&#8221;font_family:Open%20Sans%3A300%2C300italic%2Cregular%2Citalic%2C600%2C600italic%2C700%2C700italic%2C800%2C800italic|font_style:800%20bold%20regular%3A800%3Anormal&#8221; font_container=&#8221;tag:h2|font_size:60|text_align:left|color:%23333333&#8243; font_title_responsive=&#8221;true&#8221; line_height_responsive=&#8221;120&#8243; font_size_responsive=&#8221;3.5&#8243; css=&#8221;.vc_custom_1555353382885{padding-bottom: 25px !important;}&#8221;][vc_column_text clean_padding=&#8221;xs&#8221; css=&#8221;.vc_custom_1555353368862{padding-bottom: 30px !important;}&#8221;]Bordo [&hellip;]<\/p>\n","protected":false},"author":1,"featured_media":0,"parent":0,"menu_order":0,"comment_status":"closed","ping_status":"closed","template":"","meta":{"footnotes":""},"class_list":["post-7960","page","type-page","status-publish","hentry"],"_links":{"self":[{"href":"https:\/\/bordocapital.com\/en\/wp-json\/wp\/v2\/pages\/7960","targetHints":{"allow":["GET"]}}],"collection":[{"href":"https:\/\/bordocapital.com\/en\/wp-json\/wp\/v2\/pages"}],"about":[{"href":"https:\/\/bordocapital.com\/en\/wp-json\/wp\/v2\/types\/page"}],"author":[{"embeddable":true,"href":"https:\/\/bordocapital.com\/en\/wp-json\/wp\/v2\/users\/1"}],"replies":[{"embeddable":true,"href":"https:\/\/bordocapital.com\/en\/wp-json\/wp\/v2\/comments?post=7960"}],"version-history":[{"count":15,"href":"https:\/\/bordocapital.com\/en\/wp-json\/wp\/v2\/pages\/7960\/revisions"}],"predecessor-version":[{"id":10773,"href":"https:\/\/bordocapital.com\/en\/wp-json\/wp\/v2\/pages\/7960\/revisions\/10773"}],"wp:attachment":[{"href":"https:\/\/bordocapital.com\/en\/wp-json\/wp\/v2\/media?parent=7960"}],"curies":[{"name":"wp","href":"https:\/\/api.w.org\/{rel}","templated":true}]}}